{"id":459,"date":"2024-10-20T21:24:34","date_gmt":"2024-10-20T21:24:34","guid":{"rendered":"https:\/\/waizz.net\/fr\/?page_id=459"},"modified":"2024-10-30T21:36:43","modified_gmt":"2024-10-30T21:36:43","slug":"contactez-nous","status":"publish","type":"page","link":"https:\/\/waizz.net\/fr\/contactez-nous\/","title":{"rendered":"Contactez Nous"},"content":{"rendered":"\t\t<div data-elementor-type=\"wp-page\" data-elementor-id=\"459\" class=\"elementor elementor-459\" data-elementor-post-type=\"page\">\n\t\t\t\t<div class=\"elementor-element elementor-element-684743de e-flex e-con-boxed e-con e-parent\" data-id=\"684743de\" data-element_type=\"container\" data-settings=\"{&quot;background_background&quot;:&quot;classic&quot;}\">\n\t\t\t\t\t<div class=\"e-con-inner\">\n\t\t\t\t<div class=\"elementor-element elementor-element-2333f7f6 elementor-absolute elementor-widget elementor-widget-lqd-glow\" data-id=\"2333f7f6\" data-element_type=\"widget\" data-settings=\"{&quot;_position&quot;:&quot;absolute&quot;}\" data-widget_type=\"lqd-glow.default\">\n\t\t\t\t<div class=\"elementor-widget-container\">\n\t\t\t\n\t\t<svg class=\"w-full h-full\" width=\"65\" height=\"65\" viewBox=\"0 0 65 65\" fill=\"none\" xmlns=\"http:\/\/www.w3.org\/2000\/svg\" preserveAspectRatio=\"none\">\n\t\t\t<circle cx=\"32.5\" cy=\"32.5\" r=\"32.5\" fill=\"url(#paint_2333f7f6)\"\/>\n\t\t\t<defs>\n\t\t\t\t<linearGradient id=\"paint_2333f7f6\" x1=\"0\" y1=\"0\" x2=\"65\" y2=\"65\" gradientUnits=\"userSpaceOnUse\">\n\t\t\t\t\t<stop offset=\"0\" stop-color=\"var(--e-global-color-primary)\">\n\t\t\t\t\t\t<animate attributeName=\"stop-color\" values=\"var(--e-global-color-primary);\" dur=\"4.25s\" repeatCount=\"indefinite\"><\/animate>\n\t\t\t\t\t<\/stop>\n\t\t\t\t\t<stop offset=\"1\" stop-color=\"#ABECD600\">\n\t\t\t\t\t\t<animate attributeName=\"stop-color\" values=\"#ABECD600;\" dur=\"4.25s\" repeatCount=\"indefinite\"><\/animate>\n\t\t\t\t\t<\/stop>\n\t\t\t\t<\/linearGradient>\n\t\t\t<\/defs>\n\t\t<\/svg>\n\n\t\t\t\t<\/div>\n\t\t\t\t<\/div>\n\t\t<div class=\"elementor-element elementor-element-79a94e9 e-con-full e-flex e-con e-child\" data-id=\"79a94e9\" data-element_type=\"container\">\n\t\t\t\t<div class=\"elementor-element elementor-element-23f45989 lqd-text-tag-h1 elementor-widget__width-initial elementor-widget elementor-widget-lqd-text\" data-id=\"23f45989\" data-element_type=\"widget\" data-widget_type=\"lqd-text.default\" data-lqd-has-inner-animatables=\"true\">\n\t\t\t\t<div class=\"elementor-widget-container\">\n\t\t\t<h1 class=\"lqd-text-el m-0 p-0\" data-lqd-split-text-el=\"1\" data-lqd-split-type=\"words\"><span class=\"lqd-text-item relative elementor-repeater-item-4a00172\"><span class=\"lqd-split-text-words inline-flex bg-inherit relative\" data-lqd-inner-animatable-el>Contactez<\/span>&nbsp;<span class=\"lqd-split-text-words inline-flex bg-inherit relative\" data-lqd-inner-animatable-el><\/span><\/span><span class=\"lqd-text-item relative elementor-repeater-item-bf355d2\"><span class=\"lqd-split-text-words inline-flex bg-inherit relative\" data-lqd-inner-animatable-el>Nous<\/span><\/span><\/h1>\t\t<\/div>\n\t\t\t\t<\/div>\n\t\t<style>.elementor-element-23f45989 .lqd-split-text-words {\n   transform: translate3d(0px,60px,0px) scale(1, 1) rotateX(0deg) rotateY(0deg) rotateZ(0deg) skew(0deg, 0deg);\n   opacity: 0;\n}\n<\/style><script>\n\t\twindow.liquid.behaviors.push( {\n\t\t\tdataId: \"23f45989\",\n\t\t\tbehaviors:[\n\t\t\t\t{behaviorName:'liquidSplitText',options:{splitDoneFromBackend:true,splitType:'words'}},{behaviorName:'liquidGetElementComputedStyles',options:{includeSelf:true,getRect:true,addGhosts:true}},{behaviorName:'liquidAnimations',options:{domain:'inview',trigger:'ghost',duration:0.65000000000000002220446049250313080847263336181640625,ease:'expo.out',stagger:{each:0.065000000000000002220446049250313080847263336181640625,from:'start'},delay:0.200000000000000011102230246251565404236316680908203125,start:'top+=30px bottom',startElementOffset:0,startViewportOffset:0,animations:[{elements:'selfAnimatables',breakpointsKeyframes:{all:{keyframes:[{scaleX:1,scaleY:1,skewX:0,skewY:0,x:'0px',y:'0px',z:'0px',rotateX:0,rotateY:0,rotateZ:0,opacity:1}]}}}]}},\n\t\t\t]\n\t\t} );\n\t\t\n\t\t<\/script>\t\t<div class=\"elementor-element elementor-element-5a700acb lqd-text-tag-p elementor-widget__width-initial elementor-widget elementor-widget-lqd-text\" data-id=\"5a700acb\" data-element_type=\"widget\" data-widget_type=\"lqd-text.default\">\n\t\t\t\t<div class=\"elementor-widget-container\">\n\t\t\t<p class=\"lqd-text-el m-0 p-0\"><span class=\"lqd-text-item relative elementor-repeater-item-20f65ca\">Nous sommes ici pour r\u00e9pondre \u00e0 toutes vos questions<\/span><\/p>\t\t<\/div>\n\t\t\t\t<\/div>\n\t\t<style>.elementor-element-5a700acb {\n   transform: translate3d(0px,20px,0px) scale(1, 1) rotateX(0deg) rotateY(0deg) rotateZ(0deg) skew(0deg, 0deg);\n   opacity: 0;\n}\n<\/style><script>\n\t\twindow.liquid.behaviors.push( {\n\t\t\tdataId: \"5a700acb\",\n\t\t\tbehaviors:[\n\t\t\t\t{behaviorName:'liquidGetElementComputedStyles',options:{includeSelf:true,getRect:true,addGhosts:true}},{behaviorName:'liquidAnimations',options:{domain:'inview',trigger:'ghost',duration:0.65000000000000002220446049250313080847263336181640625,ease:'expo.out',stagger:{each:0.0299999999999999988897769753748434595763683319091796875,from:'start'},delay:0.40000000000000002220446049250313080847263336181640625,start:'top+=30px bottom',startElementOffset:0,startViewportOffset:0,animations:[{elements:'self',breakpointsKeyframes:{all:{keyframes:[{scaleX:1,scaleY:1,skewX:0,skewY:0,x:'0px',y:'0px',z:'0px',rotateX:0,rotateY:0,rotateZ:0,opacity:1}]}}}]}},\n\t\t\t]\n\t\t} );\n\t\t\n\t\t<\/script>\t\t<\/div>\n\t\t\t\t\t<\/div>\n\t\t\t\t<\/div>\n\t\t<div class=\"elementor-element elementor-element-73fb756a e-flex e-con-boxed e-con e-parent\" data-id=\"73fb756a\" data-element_type=\"container\">\n\t\t\t\t\t<div class=\"e-con-inner\">\n\t\t<div class=\"elementor-element elementor-element-2799f16c e-con-full e-flex e-con e-child\" data-id=\"2799f16c\" data-element_type=\"container\">\n\t\t\t\t<div class=\"elementor-element elementor-element-4707915a elementor-widget__width-initial elementor-widget-mobile__width-inherit lqd-text-tag-h2 elementor-widget elementor-widget-lqd-text\" data-id=\"4707915a\" data-element_type=\"widget\" data-widget_type=\"lqd-text.default\" data-lqd-has-inner-animatables=\"true\">\n\t\t\t\t<div class=\"elementor-widget-container\">\n\t\t\t<h2 class=\"lqd-text-el m-0 p-0\" data-lqd-split-text-el=\"1\" data-lqd-split-type=\"words\"><span class=\"lqd-text-item relative elementor-repeater-item-be8cf68\"><span class=\"lqd-split-text-words inline-flex bg-inherit relative\" data-lqd-inner-animatable-el>Envoyez<\/span>&nbsp;<span class=\"lqd-split-text-words inline-flex bg-inherit relative\" data-lqd-inner-animatable-el>un<\/span><\/span><span class=\"lqd-text-item relative elementor-repeater-item-82e947b\"><span class=\"lqd-split-text-words inline-flex bg-inherit relative\" data-lqd-inner-animatable-el><\/span>&nbsp;<span class=\"lqd-split-text-words inline-flex bg-inherit relative\" data-lqd-inner-animatable-el>message<\/span><\/span><\/h2>\t\t<\/div>\n\t\t\t\t<\/div>\n\t\t<style>.elementor-element-4707915a .lqd-split-text-words {\n   transform: translate3d(0px,30px,0px) scale(1, 1) rotateX(0deg) rotateY(0deg) rotateZ(0deg) skew(0deg, 0deg);\n   opacity: 0;\n}\n<\/style><script>\n\t\twindow.liquid.behaviors.push( {\n\t\t\tdataId: \"4707915a\",\n\t\t\tbehaviors:[\n\t\t\t\t{behaviorName:'liquidSplitText',options:{splitDoneFromBackend:true,splitType:'words'}},{behaviorName:'liquidGetElementComputedStyles',options:{includeSelf:true,getRect:true,addGhosts:true}},{behaviorName:'liquidAnimations',options:{domain:'inview',trigger:'ghost',duration:0.65000000000000002220446049250313080847263336181640625,ease:'expo.out',stagger:{each:0.065000000000000002220446049250313080847263336181640625,from:'start'},delay:0.1000000000000000055511151231257827021181583404541015625,start:'top+=30px bottom',startElementOffset:0,startViewportOffset:0,animations:[{elements:'selfAnimatables',breakpointsKeyframes:{all:{keyframes:[{scaleX:1,scaleY:1,skewX:0,skewY:0,x:'0px',y:'0px',z:'0px',rotateX:0,rotateY:0,rotateZ:0,opacity:1}]}}}]}},\n\t\t\t]\n\t\t} );\n\t\t\n\t\t<\/script>\t\t<div class=\"elementor-element elementor-element-181a060e lqd-text-tag-p elementor-widget elementor-widget-lqd-text\" data-id=\"181a060e\" data-element_type=\"widget\" data-widget_type=\"lqd-text.default\" data-lqd-has-inner-animatables=\"true\">\n\t\t\t\t<div class=\"elementor-widget-container\">\n\t\t\t<p class=\"lqd-text-el m-0 p-0\" data-lqd-split-text-el=\"1\" data-lqd-split-type=\"words\"><span class=\"lqd-text-item relative elementor-repeater-item-dac8931\"><span class=\"lqd-split-text-words inline-flex bg-inherit relative\" data-lqd-inner-animatable-el>Notre<\/span>&nbsp;<span class=\"lqd-split-text-words inline-flex bg-inherit relative\" data-lqd-inner-animatable-el>\u00e9quipe<\/span>&nbsp;<span class=\"lqd-split-text-words inline-flex bg-inherit relative\" data-lqd-inner-animatable-el>\u00e0<\/span>&nbsp;<span class=\"lqd-split-text-words inline-flex bg-inherit relative\" data-lqd-inner-animatable-el>l\"\u00e9coute<\/span>&nbsp;<span class=\"lqd-split-text-words inline-flex bg-inherit relative\" data-lqd-inner-animatable-el>serait<\/span>&nbsp;<span class=\"lqd-split-text-words inline-flex bg-inherit relative\" data-lqd-inner-animatable-el>ravie<\/span>&nbsp;<span class=\"lqd-split-text-words inline-flex bg-inherit relative\" data-lqd-inner-animatable-el>de<\/span>&nbsp;<span class=\"lqd-split-text-words inline-flex bg-inherit relative\" data-lqd-inner-animatable-el>vous<\/span>&nbsp;<span class=\"lqd-split-text-words inline-flex bg-inherit relative\" data-lqd-inner-animatable-el>entendre<\/span>&nbsp;<span class=\"lqd-split-text-words inline-flex bg-inherit relative\" data-lqd-inner-animatable-el>!<\/span><\/span><\/p>\t\t<\/div>\n\t\t\t\t<\/div>\n\t\t<style>.elementor-element-181a060e .lqd-split-text-words {\n   transform: translate3d(0px,20px,0px) scale(1, 1) rotateX(0deg) rotateY(0deg) rotateZ(0deg) skew(0deg, 0deg);\n   opacity: 0;\n}\n<\/style><script>\n\t\twindow.liquid.behaviors.push( {\n\t\t\tdataId: \"181a060e\",\n\t\t\tbehaviors:[\n\t\t\t\t{behaviorName:'liquidSplitText',options:{splitDoneFromBackend:true,splitType:'words'}},{behaviorName:'liquidGetElementComputedStyles',options:{includeSelf:true,getRect:true,addGhosts:true}},{behaviorName:'liquidAnimations',options:{domain:'inview',trigger:'ghost',duration:0.65000000000000002220446049250313080847263336181640625,ease:'expo.out',stagger:{each:0.0120000000000000002498001805406602215953171253204345703125,from:'start'},delay:0,start:'top+=30px bottom',startElementOffset:0,startViewportOffset:0,animations:[{elements:'selfAnimatables',breakpointsKeyframes:{all:{keyframes:[{scaleX:1,scaleY:1,skewX:0,skewY:0,x:'0px',y:'0px',z:'0px',rotateX:0,rotateY:0,rotateZ:0,opacity:1}]}}}]}},\n\t\t\t]\n\t\t} );\n\t\t\n\t\t<\/script>\t\t<div class=\"elementor-element elementor-element-3785ac0 elementor-widget elementor-widget-wpforms\" data-id=\"3785ac0\" data-element_type=\"widget\" data-widget_type=\"wpforms.default\">\n\t\t\t\t<div class=\"elementor-widget-container\">\n\t\t\t<style id=\"wpforms-css-vars-elementor-widget-3785ac0\">\n\t\t\t\t.elementor-widget-wpforms.elementor-element-3785ac0 {\n\t\t\t\t--wpforms-field-border-radius: 12px;\n--wpforms-field-border-color: #7CA4FC;\n--wpforms-field-border-color-spare: #7CA4FC;\n--wpforms-button-border-radius: 23px;\n--wpforms-button-background-color: #7CA4FC;\n\t\t\t}\n\t\t\t<\/style><div class=\"wpforms-container wpforms-container-full wpforms-render-modern\" id=\"wpforms-790\"><form id=\"wpforms-form-790\" class=\"wpforms-validate wpforms-form wpforms-ajax-form\" data-formid=\"790\" method=\"post\" enctype=\"multipart\/form-data\" action=\"\/fr\/wp-json\/wp\/v2\/pages\/459\" data-token=\"120c91aeda95acc19a235df1a375d279\" data-token-time=\"1778687253\"><noscript class=\"wpforms-error-noscript\">Veuillez activer JavaScript dans votre navigateur pour remplir ce formulaire.<\/noscript><div id=\"wpforms-error-noscript\" style=\"display: none;\">Veuillez activer JavaScript dans votre navigateur pour remplir ce formulaire.<\/div><div class=\"wpforms-field-container\"><div id=\"wpforms-790-field_1-container\" class=\"wpforms-field wpforms-field-name\" data-field-id=\"1\"><fieldset><legend class=\"wpforms-field-label\">Name <span class=\"wpforms-required-label\" aria-hidden=\"true\">*<\/span><\/legend><div class=\"wpforms-field-row wpforms-field-medium\"><div class=\"wpforms-field-row-block wpforms-first wpforms-one-half\"><input type=\"text\" id=\"wpforms-790-field_1\" class=\"wpforms-field-name-first wpforms-field-required\" name=\"wpforms[fields][1][first]\" aria-errormessage=\"wpforms-790-field_1-error\" required><label for=\"wpforms-790-field_1\" class=\"wpforms-field-sublabel after\">Pr\u00e9nom<\/label><\/div><div class=\"wpforms-field-row-block wpforms-one-half\"><input type=\"text\" id=\"wpforms-790-field_1-last\" class=\"wpforms-field-name-last wpforms-field-required\" name=\"wpforms[fields][1][last]\" aria-errormessage=\"wpforms-790-field_1-last-error\" required><label for=\"wpforms-790-field_1-last\" class=\"wpforms-field-sublabel after\">Nom<\/label><\/div><\/div><\/fieldset><\/div><div id=\"wpforms-790-field_5-container\" class=\"wpforms-field wpforms-field-number\" data-field-id=\"5\"><label class=\"wpforms-field-label\" for=\"wpforms-790-field_5\">T\u00e9l\u00e9phone <span class=\"wpforms-required-label\" aria-hidden=\"true\">*<\/span><\/label><input type=\"number\" id=\"wpforms-790-field_5\" class=\"wpforms-field-medium wpforms-field-required\" name=\"wpforms[fields][5]\" step=\"any\" aria-errormessage=\"wpforms-790-field_5-error\" required><\/div><div id=\"wpforms-790-field_2-container\" class=\"wpforms-field wpforms-field-email\" data-field-id=\"2\"><label class=\"wpforms-field-label\" for=\"wpforms-790-field_2\">Email <span class=\"wpforms-required-label\" aria-hidden=\"true\">*<\/span><\/label><input type=\"email\" id=\"wpforms-790-field_2\" class=\"wpforms-field-medium wpforms-field-required\" name=\"wpforms[fields][2]\" spellcheck=\"false\" aria-errormessage=\"wpforms-790-field_2-error\" required><\/div>\t\t<div id=\"wpforms-790-field_4-container\"\n\t\t\tclass=\"wpforms-field wpforms-field-text\"\n\t\t\tdata-field-type=\"text\"\n\t\t\tdata-field-id=\"4\"\n\t\t\t>\n\t\t\t<label class=\"wpforms-field-label\" for=\"wpforms-790-field_4\" >Email ou Message<\/label>\n\t\t\t<input type=\"text\" id=\"wpforms-790-field_4\" class=\"wpforms-field-medium\" name=\"wpforms[fields][4]\" >\n\t\t<\/div>\n\t\t<div id=\"wpforms-790-field_3-container\" class=\"wpforms-field wpforms-field-textarea\" data-field-id=\"3\"><label class=\"wpforms-field-label\" for=\"wpforms-790-field_3\">Commentaire ou Message <span class=\"wpforms-required-label\" aria-hidden=\"true\">*<\/span><\/label><textarea id=\"wpforms-790-field_3\" class=\"wpforms-field-medium wpforms-field-required\" name=\"wpforms[fields][3]\" aria-errormessage=\"wpforms-790-field_3-error\" required><\/textarea><\/div><script>\n\t\t\t\t( function() {\n\t\t\t\t\tconst style = document.createElement( 'style' );\n\t\t\t\t\tstyle.appendChild( document.createTextNode( '#wpforms-790-field_4-container { position: absolute !important; overflow: hidden !important; display: inline !important; height: 1px !important; width: 1px !important; z-index: -1000 !important; padding: 0 !important; } #wpforms-790-field_4-container input { visibility: hidden; } #wpforms-conversational-form-page #wpforms-790-field_4-container label { counter-increment: none; }' ) );\n\t\t\t\t\tdocument.head.appendChild( style );\n\t\t\t\t\tdocument.currentScript?.remove();\n\t\t\t\t} )();\n\t\t\t<\/script><\/div><!-- .wpforms-field-container --><div class=\"wpforms-submit-container\" ><input type=\"hidden\" name=\"wpforms[id]\" value=\"790\"><input type=\"hidden\" name=\"page_title\" value=\"\"><input type=\"hidden\" name=\"page_url\" value=\"https:\/\/waizz.net\/fr\/wp-json\/wp\/v2\/pages\/459\"><input type=\"hidden\" name=\"url_referer\" value=\"\"><button type=\"submit\" name=\"wpforms[submit]\" id=\"wpforms-submit-790\" class=\"wpforms-submit\" data-alt-text=\"Envoie en cours...\" data-submit-text=\"Soumettre\" aria-live=\"assertive\" value=\"wpforms-submit\">Soumettre<\/button><img decoding=\"async\" src=\"https:\/\/waizz.net\/fr\/wp-content\/plugins\/wpforms-lite\/assets\/images\/submit-spin.svg\" class=\"wpforms-submit-spinner\" style=\"display: none;\" width=\"26\" height=\"26\" alt=\"Chargement en cours\"><\/div><\/form><\/div>  <!-- .wpforms-container -->\t\t<\/div>\n\t\t\t\t<\/div>\n\t\t\t\t<\/div>\n\t\t\t\t<div class=\"elementor-element elementor-element-70b8da44 elementor-absolute elementor-widget elementor-widget-lqd-glow\" data-id=\"70b8da44\" data-element_type=\"widget\" data-settings=\"{&quot;_position&quot;:&quot;absolute&quot;}\" data-widget_type=\"lqd-glow.default\">\n\t\t\t\t<div class=\"elementor-widget-container\">\n\t\t\t\n\t\t<svg class=\"w-full h-full\" width=\"65\" height=\"65\" viewBox=\"0 0 65 65\" fill=\"none\" xmlns=\"http:\/\/www.w3.org\/2000\/svg\" preserveAspectRatio=\"none\">\n\t\t\t<circle cx=\"32.5\" cy=\"32.5\" r=\"32.5\" fill=\"url(#paint_70b8da44)\"\/>\n\t\t\t<defs>\n\t\t\t\t<linearGradient id=\"paint_70b8da44\" x1=\"0\" y1=\"0\" x2=\"65\" y2=\"65\" gradientUnits=\"userSpaceOnUse\">\n\t\t\t\t\t<stop offset=\"0\" stop-color=\"var(--e-global-color-primary)\">\n\t\t\t\t\t\t<animate attributeName=\"stop-color\" values=\"var(--e-global-color-primary);\" dur=\"4.25s\" repeatCount=\"indefinite\"><\/animate>\n\t\t\t\t\t<\/stop>\n\t\t\t\t\t<stop offset=\"1\" stop-color=\"#ABECD600\">\n\t\t\t\t\t\t<animate attributeName=\"stop-color\" values=\"#ABECD600;\" dur=\"4.25s\" repeatCount=\"indefinite\"><\/animate>\n\t\t\t\t\t<\/stop>\n\t\t\t\t<\/linearGradient>\n\t\t\t<\/defs>\n\t\t<\/svg>\n\n\t\t\t\t<\/div>\n\t\t\t\t<\/div>\n\t\t\t\t\t<\/div>\n\t\t\t\t<\/div>\n\t\t\t\t<\/div>\n\t\t","protected":false},"excerpt":{"rendered":"<p>Contactez&nbsp;Nous Nous sommes ici pour r\u00e9pondre \u00e0 toutes vos questions Envoyez&nbsp;un&nbsp;message Notre&nbsp;\u00e9quipe&nbsp;\u00e0&nbsp;l\u00a0\u00bb\u00e9coute&nbsp;serait&nbsp;ravie&nbsp;de&nbsp;vous&nbsp;entendre&nbsp;! Veuillez activer JavaScript dans votre navigateur pour remplir ce formulaire.Veuillez activer JavaScript dans votre navigateur pour remplir ce formulaire. Name * Pr\u00e9nomNom Phone *Email *Comment or Message * Submit<\/p>\n","protected":false},"author":1,"featured_media":0,"parent":0,"menu_order":0,"comment_status":"closed","ping_status":"closed","template":"","meta":{"footnotes":""},"class_list":["post-459","page","type-page","status-publish","hentry"],"_links":{"self":[{"href":"https:\/\/waizz.net\/fr\/wp-json\/wp\/v2\/pages\/459","targetHints":{"allow":["GET"]}}],"collection":[{"href":"https:\/\/waizz.net\/fr\/wp-json\/wp\/v2\/pages"}],"about":[{"href":"https:\/\/waizz.net\/fr\/wp-json\/wp\/v2\/types\/page"}],"author":[{"embeddable":true,"href":"https:\/\/waizz.net\/fr\/wp-json\/wp\/v2\/users\/1"}],"replies":[{"embeddable":true,"href":"https:\/\/waizz.net\/fr\/wp-json\/wp\/v2\/comments?post=459"}],"version-history":[{"count":2,"href":"https:\/\/waizz.net\/fr\/wp-json\/wp\/v2\/pages\/459\/revisions"}],"predecessor-version":[{"id":797,"href":"https:\/\/waizz.net\/fr\/wp-json\/wp\/v2\/pages\/459\/revisions\/797"}],"wp:attachment":[{"href":"https:\/\/waizz.net\/fr\/wp-json\/wp\/v2\/media?parent=459"}],"curies":[{"name":"wp","href":"https:\/\/api.w.org\/{rel}","templated":true}]}}