{"id":940,"date":"2025-02-17T23:04:08","date_gmt":"2025-02-17T23:04:08","guid":{"rendered":"https:\/\/waizz.net\/fr\/?page_id=940"},"modified":"2025-02-17T23:15:57","modified_gmt":"2025-02-17T23:15:57","slug":"termes-et-conditions-du-programme-affiliation-influenceurs","status":"publish","type":"page","link":"https:\/\/waizz.net\/fr\/termes-et-conditions-du-programme-affiliation-influenceurs\/","title":{"rendered":"Termes et conditions du programme d&rsquo;affiliation\/influenceurs"},"content":{"rendered":"\t\t<div data-elementor-type=\"wp-page\" data-elementor-id=\"940\" class=\"elementor elementor-940\" data-elementor-post-type=\"page\">\n\t\t\t\t<div class=\"elementor-element elementor-element-1f1b077 e-flex e-con-boxed e-con e-parent\" data-id=\"1f1b077\" data-element_type=\"container\" data-settings=\"{&quot;background_background&quot;:&quot;classic&quot;}\">\n\t\t\t\t\t<div class=\"e-con-inner\">\n\t\t\t\t<div class=\"elementor-element elementor-element-7486141 elementor-absolute elementor-widget elementor-widget-lqd-glow\" data-id=\"7486141\" data-element_type=\"widget\" data-settings=\"{&quot;_position&quot;:&quot;absolute&quot;}\" data-widget_type=\"lqd-glow.default\">\n\t\t\t\t<div class=\"elementor-widget-container\">\n\t\t\t\n\t\t<svg class=\"w-full h-full\" width=\"65\" height=\"65\" viewBox=\"0 0 65 65\" fill=\"none\" xmlns=\"http:\/\/www.w3.org\/2000\/svg\" preserveAspectRatio=\"none\">\n\t\t\t<circle cx=\"32.5\" cy=\"32.5\" r=\"32.5\" fill=\"url(#paint_7486141)\"\/>\n\t\t\t<defs>\n\t\t\t\t<linearGradient id=\"paint_7486141\" x1=\"0\" y1=\"0\" x2=\"65\" y2=\"65\" gradientUnits=\"userSpaceOnUse\">\n\t\t\t\t\t<stop offset=\"0\" stop-color=\"var(--e-global-color-primary)\">\n\t\t\t\t\t\t<animate attributeName=\"stop-color\" values=\"var(--e-global-color-primary);\" dur=\"4.25s\" repeatCount=\"indefinite\"><\/animate>\n\t\t\t\t\t<\/stop>\n\t\t\t\t\t<stop offset=\"1\" stop-color=\"#ABECD600\">\n\t\t\t\t\t\t<animate attributeName=\"stop-color\" values=\"#ABECD600;\" dur=\"4.25s\" repeatCount=\"indefinite\"><\/animate>\n\t\t\t\t\t<\/stop>\n\t\t\t\t<\/linearGradient>\n\t\t\t<\/defs>\n\t\t<\/svg>\n\n\t\t\t\t<\/div>\n\t\t\t\t<\/div>\n\t\t<div class=\"elementor-element elementor-element-9a1a449 e-con-full e-flex e-con e-child\" data-id=\"9a1a449\" data-element_type=\"container\">\n\t\t\t\t<div class=\"elementor-element elementor-element-51c98de lqd-text-tag-h1 elementor-widget__width-initial elementor-widget elementor-widget-lqd-text\" data-id=\"51c98de\" data-element_type=\"widget\" data-widget_type=\"lqd-text.default\" data-lqd-has-inner-animatables=\"true\">\n\t\t\t\t<div class=\"elementor-widget-container\">\n\t\t\t<h1 class=\"lqd-text-el m-0 p-0\" data-lqd-split-text-el=\"1\" data-lqd-split-type=\"words\"><span class=\"lqd-text-item relative elementor-repeater-item-27265bd\"><span class=\"lqd-split-text-words inline-flex bg-inherit relative\" data-lqd-inner-animatable-el>Termes<\/span>&nbsp;<span class=\"lqd-split-text-words inline-flex bg-inherit relative\" data-lqd-inner-animatable-el><\/span><\/span><span class=\"lqd-text-item relative elementor-repeater-item-bf355d2\"><span class=\"lqd-split-text-words inline-flex bg-inherit relative\" data-lqd-inner-animatable-el>&<\/span><\/span><span class=\"lqd-text-item relative elementor-repeater-item-4a00172\"><span class=\"lqd-split-text-words inline-flex bg-inherit relative\" data-lqd-inner-animatable-el><\/span>&nbsp;<span class=\"lqd-split-text-words inline-flex bg-inherit relative\" data-lqd-inner-animatable-el>Conditions<\/span><\/span><span class=\"lqd-text-item relative elementor-repeater-item-745d165\"><span class=\"lqd-split-text-words inline-flex bg-inherit relative\" data-lqd-inner-animatable-el>Affili\u00e9\/Influenceur<\/span><\/span><\/h1>\t\t<\/div>\n\t\t\t\t<\/div>\n\t\t<style>.elementor-element-51c98de .lqd-split-text-words {\n   transform: translate3d(0px,60px,0px) scale(1, 1) rotateX(0deg) rotateY(0deg) rotateZ(0deg) skew(0deg, 0deg);\n   opacity: 0;\n}\n<\/style><script>\n\t\twindow.liquid.behaviors.push( {\n\t\t\tdataId: \"51c98de\",\n\t\t\tbehaviors:[\n\t\t\t\t{behaviorName:'liquidSplitText',options:{splitDoneFromBackend:true,splitType:'words'}},{behaviorName:'liquidGetElementComputedStyles',options:{includeSelf:true,getRect:true,addGhosts:true}},{behaviorName:'liquidAnimations',options:{domain:'inview',trigger:'ghost',duration:0.65000000000000002220446049250313080847263336181640625,ease:'expo.out',stagger:{each:0.065000000000000002220446049250313080847263336181640625,from:'start'},delay:0.200000000000000011102230246251565404236316680908203125,start:'top+=30px bottom',startElementOffset:0,startViewportOffset:0,animations:[{elements:'selfAnimatables',breakpointsKeyframes:{all:{keyframes:[{scaleX:1,scaleY:1,skewX:0,skewY:0,x:'0px',y:'0px',z:'0px',rotateX:0,rotateY:0,rotateZ:0,opacity:1}]}}}]}},\n\t\t\t]\n\t\t} );\n\t\t\n\t\t<\/script>\t\t<div class=\"elementor-element elementor-element-ec5fecc lqd-text-tag-p elementor-widget__width-initial elementor-widget elementor-widget-lqd-text\" data-id=\"ec5fecc\" data-element_type=\"widget\" data-widget_type=\"lqd-text.default\">\n\t\t\t\t<div class=\"elementor-widget-container\">\n\t\t\t<p class=\"lqd-text-el m-0 p-0\"><span class=\"lqd-text-item relative elementor-repeater-item-20f65ca\">Chez WAIZZ, nous accordons une importance primordiale \u00e0 la transparence avec nos partenaires concernant les termes et conditions qui r\u00e9gissent nos programmes d'affiliation et d'influenceurs. Vous trouverez ci-dessous les conditions d\u00e9taill\u00e9es d\u00e9finissant vos droits et obligations lors de votre participation \u00e0 ces programmes.<\/span><\/p>\t\t<\/div>\n\t\t\t\t<\/div>\n\t\t<style>.elementor-element-ec5fecc {\n   transform: translate3d(0px,20px,0px) scale(1, 1) rotateX(0deg) rotateY(0deg) rotateZ(0deg) skew(0deg, 0deg);\n   opacity: 0;\n}\n<\/style><script>\n\t\twindow.liquid.behaviors.push( {\n\t\t\tdataId: \"ec5fecc\",\n\t\t\tbehaviors:[\n\t\t\t\t{behaviorName:'liquidGetElementComputedStyles',options:{includeSelf:true,getRect:true,addGhosts:true}},{behaviorName:'liquidAnimations',options:{domain:'inview',trigger:'ghost',duration:0.65000000000000002220446049250313080847263336181640625,ease:'expo.out',stagger:{each:0.0299999999999999988897769753748434595763683319091796875,from:'start'},delay:0.40000000000000002220446049250313080847263336181640625,start:'top+=30px bottom',startElementOffset:0,startViewportOffset:0,animations:[{elements:'self',breakpointsKeyframes:{all:{keyframes:[{scaleX:1,scaleY:1,skewX:0,skewY:0,x:'0px',y:'0px',z:'0px',rotateX:0,rotateY:0,rotateZ:0,opacity:1}]}}}]}},\n\t\t\t]\n\t\t} );\n\t\t\n\t\t<\/script>\t\t<\/div>\n\t\t\t\t\t<\/div>\n\t\t\t\t<\/div>\n\t\t<div class=\"elementor-element elementor-element-3f332c7 e-flex e-con-boxed e-con e-parent\" data-id=\"3f332c7\" data-element_type=\"container\">\n\t\t\t\t\t<div class=\"e-con-inner\">\n\t\t\t\t<div class=\"elementor-element elementor-element-1d15587 elementor-widget elementor-widget-text-editor\" data-id=\"1d15587\" data-element_type=\"widget\" data-widget_type=\"text-editor.default\">\n\t\t\t\t<div class=\"elementor-widget-container\">\n\t\t\t\t\t\t\t<p data-start=\"121\" data-end=\"160\"><em>Derni\u00e8re mise \u00e0 jour : 17\/02\/2025<\/em><\/p><p data-start=\"162\" data-end=\"520\">Bienvenue dans les programmes d\u2019influenceurs et d\u2019affiliation WAIZZ (\u00ab\u00a0Programmes\u00a0\u00bb). Ces Termes et Conditions (\u00ab\u00a0Conditions\u00a0\u00bb) r\u00e9gissent votre participation aux Programmes propos\u00e9s par WAIZZ (\u00ab\u00a0Entreprise\u00a0\u00bb, \u00ab\u00a0nous\u00a0\u00bb, \u00ab\u00a0notre\u00a0\u00bb ou \u00ab\u00a0nos\u00a0\u00bb). En postulant ou en participant aux Programmes, vous (\u00ab\u00a0Participant\u00a0\u00bb, \u00ab\u00a0vous\u00a0\u00bb ou \u00ab\u00a0votre\u00a0\u00bb) acceptez d\u2019\u00eatre li\u00e9 par ces Conditions.<\/p><h2 data-start=\"522\" data-end=\"541\">1. D\u00e9finitions<\/h2><ul data-start=\"543\" data-end=\"1245\"><li data-start=\"543\" data-end=\"741\"><strong data-start=\"545\" data-end=\"562\">Influenceur :<\/strong> Personne ou entit\u00e9 approuv\u00e9e par WAIZZ pour promouvoir nos outils d\u2019IA via la cr\u00e9ation de contenu sur des plateformes telles que YouTube, Twitter\/X, TikTok, Facebook et autres.<\/li><li data-start=\"742\" data-end=\"932\"><strong data-start=\"744\" data-end=\"757\">Affili\u00e9 :<\/strong> Personne ou entit\u00e9 approuv\u00e9e par WAIZZ pour promouvoir nos outils d\u2019IA \u00e0 l\u2019aide d\u2019un lien de parrainage unique, gagnant des commissions sur les ventes g\u00e9n\u00e9r\u00e9es par ce lien.<\/li><li data-start=\"933\" data-end=\"1105\"><strong data-start=\"935\" data-end=\"948\">Contenu :<\/strong> Tout mat\u00e9riel cr\u00e9\u00e9 et partag\u00e9 par les Participants pour promouvoir WAIZZ, y compris, mais sans s\u2019y limiter, les vid\u00e9os, publications, articles et scripts.<\/li><li data-start=\"1106\" data-end=\"1245\"><strong data-start=\"1108\" data-end=\"1151\">Responsable des Relations Partenaires :<\/strong> Repr\u00e9sentant de WAIZZ charg\u00e9 de la gestion des relations avec les Influenceurs et Affili\u00e9s.<\/li><\/ul><h2 data-start=\"1247\" data-end=\"1266\">2. \u00c9ligibilit\u00e9<\/h2><p data-start=\"1268\" data-end=\"1314\">Pour participer aux Programmes, vous devez :<\/p><ul data-start=\"1315\" data-end=\"1600\"><li data-start=\"1315\" data-end=\"1341\">Avoir au moins 18 ans.<\/li><li data-start=\"1342\" data-end=\"1394\">Avoir la capacit\u00e9 l\u00e9gale de conclure un contrat.<\/li><li data-start=\"1395\" data-end=\"1538\">Poss\u00e9der ou g\u00e9rer des comptes actifs sur les r\u00e9seaux sociaux, des sites web ou d\u2019autres plateformes pertinentes pour la promotion de WAIZZ.<\/li><li data-start=\"1539\" data-end=\"1600\">Respecter toutes les lois et r\u00e9glementations applicables.<\/li><\/ul><h2 data-start=\"1602\" data-end=\"1634\">3. Processus de candidature<\/h2><ul data-start=\"1636\" data-end=\"2013\"><li data-start=\"1636\" data-end=\"1864\"><strong data-start=\"1638\" data-end=\"1656\">Influenceurs :<\/strong> Doivent contacter notre Responsable des Relations Partenaires pour \u00e9laborer une strat\u00e9gie de contenu sur mesure. La strat\u00e9gie et le script doivent \u00eatre soumis pour approbation avant la cr\u00e9ation du contenu.<\/li><li data-start=\"1865\" data-end=\"2013\"><strong data-start=\"1867\" data-end=\"1881\">Affili\u00e9s :<\/strong> Doivent s\u2019inscrire sur l\u2019application web WAIZZ et fournir les informations n\u00e9cessaires pour obtenir un lien de parrainage unique.<\/li><\/ul><h2 data-start=\"2015\" data-end=\"2054\">4. Directives relatives au contenu<\/h2><ul data-start=\"2056\" data-end=\"2797\"><li data-start=\"2056\" data-end=\"2147\">Les Participants doivent pr\u00e9senter WAIZZ de mani\u00e8re objective et g\u00e9n\u00e9ralement positive.<\/li><li data-start=\"2148\" data-end=\"2259\">Le contenu doit \u00eatre authentique et refl\u00e9ter une utilisation r\u00e9elle ou une exp\u00e9rience avec nos outils d\u2019IA.<\/li><li data-start=\"2260\" data-end=\"2367\">Les points n\u00e9gatifs peuvent \u00eatre mentionn\u00e9s s\u2019ils sont pertinents et pr\u00e9sent\u00e9s de mani\u00e8re constructive.<\/li><li data-start=\"2368\" data-end=\"2638\">Tout contenu susceptible de nuire \u00e0 l\u2019image de marque de WAIZZ \u2014 y compris, mais sans s\u2019y limiter, les d\u00e9clarations fausses, un langage offensant ou des informations trompeuses \u2014 ne sera pas \u00e9ligible \u00e0 une r\u00e9mun\u00e9ration et pourra entra\u00eener l\u2019exclusion des Programmes.<\/li><li data-start=\"2639\" data-end=\"2797\">Les Influenceurs doivent soumettre leur strat\u00e9gie de contenu et leurs scripts au Responsable des Relations Partenaires pour approbation avant publication.<\/li><\/ul><h2 data-start=\"2799\" data-end=\"2828\">5. Modalit\u00e9s de paiement<\/h2><h3 data-start=\"2830\" data-end=\"2852\">5.1 Influenceurs<\/h3><p data-start=\"2854\" data-end=\"2889\"><strong data-start=\"2854\" data-end=\"2887\">a. Calendrier des paiements :<\/strong><\/p><ul data-start=\"2890\" data-end=\"3079\"><li data-start=\"2890\" data-end=\"2970\">Les paiements seront d\u00e9termin\u00e9s une semaine apr\u00e8s la publication du contenu.<\/li><li data-start=\"2971\" data-end=\"3079\">Pour les vid\u00e9os YouTube (format standard), les paiements seront d\u00e9termin\u00e9s un mois apr\u00e8s la publication.<\/li><\/ul><p data-start=\"3081\" data-end=\"3104\"><strong data-start=\"3081\" data-end=\"3102\">b. R\u00e9mun\u00e9ration :<\/strong><\/p><ul data-start=\"3105\" data-end=\"3347\"><li data-start=\"3105\" data-end=\"3208\">Les gains sont bas\u00e9s sur des indicateurs de performance tels que le nombre de vues et l\u2019engagement.<\/li><li data-start=\"3209\" data-end=\"3347\">Des plafonds de r\u00e9mun\u00e9ration s\u2019appliquent, comme indiqu\u00e9 dans le tableau de r\u00e9mun\u00e9ration fourni lors de l\u2019\u00e9laboration de la strat\u00e9gie.<\/li><\/ul><p data-start=\"3349\" data-end=\"3379\"><strong data-start=\"3349\" data-end=\"3377\">c. M\u00e9thode de paiement :<\/strong><\/p><ul data-start=\"3380\" data-end=\"3451\"><li data-start=\"3380\" data-end=\"3451\">Les paiements seront effectu\u00e9s exclusivement par virement bancaire.<\/li><\/ul><h3 data-start=\"3453\" data-end=\"3471\">5.2 Affili\u00e9s<\/h3><p data-start=\"3473\" data-end=\"3508\"><strong data-start=\"3473\" data-end=\"3506\">a. Calendrier des paiements :<\/strong><\/p><ul data-start=\"3509\" data-end=\"3590\"><li data-start=\"3509\" data-end=\"3590\">Les paiements sont effectu\u00e9s le 15 du mois suivant la g\u00e9n\u00e9ration d\u2019une vente.<\/li><\/ul><p data-start=\"3592\" data-end=\"3628\"><strong data-start=\"3592\" data-end=\"3626\">b. Structure des commissions :<\/strong><\/p><ul data-start=\"3629\" data-end=\"3803\"><li data-start=\"3629\" data-end=\"3716\">Gagnez 30 % de revenus \u00e0 vie sur chaque vente g\u00e9n\u00e9r\u00e9e via votre lien de parrainage.<\/li><li data-start=\"3717\" data-end=\"3803\">Les clients r\u00e9f\u00e9r\u00e9s sont comptabilis\u00e9s \u00e0 vie, et les commissions sont cumulatives.<\/li><\/ul><p data-start=\"3805\" data-end=\"3835\"><strong data-start=\"3805\" data-end=\"3833\">c. M\u00e9thode de paiement :<\/strong><\/p><ul data-start=\"3836\" data-end=\"3940\"><li data-start=\"3836\" data-end=\"3940\">Les paiements seront effectu\u00e9s via la m\u00e9thode sp\u00e9cifi\u00e9e dans les param\u00e8tres de votre compte affili\u00e9.<\/li><\/ul><h2 data-start=\"3942\" data-end=\"3972\">6. Suivi des performances<\/h2><ul data-start=\"3974\" data-end=\"4202\"><li data-start=\"3974\" data-end=\"4098\">Les Influenceurs doivent partager toutes les m\u00e9triques pertinentes avec WAIZZ pour \u00e9valuer l\u2019engagement et l\u2019efficacit\u00e9.<\/li><li data-start=\"4099\" data-end=\"4202\">Les Affili\u00e9s peuvent acc\u00e9der aux rapports de performance en temps r\u00e9el via l\u2019application web WAIZZ.<\/li><\/ul><h2 data-start=\"4204\" data-end=\"4227\">7. Confidentialit\u00e9<\/h2><p data-start=\"4229\" data-end=\"4548\">Les Participants s\u2019engagent \u00e0 garder confidentielles toutes les informations non publiques, y compris, mais sans s\u2019y limiter, les strat\u00e9gies commerciales, les d\u00e9tails de r\u00e9mun\u00e9ration et les indicateurs de performance. Ces informations ne doivent pas \u00eatre divulgu\u00e9es \u00e0 des tiers sans l\u2019accord \u00e9crit pr\u00e9alable de WAIZZ.<\/p><h2 data-start=\"4550\" data-end=\"4582\">8. Propri\u00e9t\u00e9 intellectuelle<\/h2><ul data-start=\"4584\" data-end=\"5102\"><li data-start=\"4584\" data-end=\"4706\">WAIZZ conserve tous les droits, titres et int\u00e9r\u00eats relatifs \u00e0 ses marques, logos et autres propri\u00e9t\u00e9s intellectuelles.<\/li><li data-start=\"4707\" data-end=\"4936\">Les Participants b\u00e9n\u00e9ficient d\u2019une licence limit\u00e9e, non exclusive et non transf\u00e9rable pour utiliser la propri\u00e9t\u00e9 intellectuelle de WAIZZ uniquement dans le cadre de l\u2019ex\u00e9cution de leurs obligations en vertu de ces Conditions.<\/li><li data-start=\"4937\" data-end=\"5102\">Toute utilisation de la propri\u00e9t\u00e9 intellectuelle de WAIZZ doit respecter nos directives de marque et \u00eatre approuv\u00e9e par le Responsable des Relations Partenaires.<\/li><\/ul><h2 data-start=\"5104\" data-end=\"5123\">9. R\u00e9siliation<\/h2><ul data-start=\"5125\" data-end=\"5790\"><li data-start=\"5125\" data-end=\"5344\"><strong data-start=\"5127\" data-end=\"5142\">Par WAIZZ :<\/strong> Nous nous r\u00e9servons le droit de r\u00e9silier votre participation aux Programmes \u00e0 tout moment en cas de violation de ces Conditions ou de tout comportement que nous estimons pr\u00e9judiciable \u00e0 notre marque.<\/li><li data-start=\"5345\" data-end=\"5463\"><strong data-start=\"5347\" data-end=\"5371\">Par le Participant :<\/strong> Vous pouvez mettre fin \u00e0 votre participation en envoyant une notification \u00e9crite \u00e0 WAIZZ.<\/li><li data-start=\"5464\" data-end=\"5790\"><strong data-start=\"5466\" data-end=\"5502\">Cons\u00e9quences de la r\u00e9siliation :<\/strong><br \/><ul data-start=\"5507\" data-end=\"5790\"><li data-start=\"5507\" data-end=\"5678\">\u00c0 la r\u00e9siliation, vous devez cesser toute activit\u00e9 promotionnelle li\u00e9e \u00e0 WAIZZ et retirer toute utilisation de la propri\u00e9t\u00e9 intellectuelle de WAIZZ de vos plateformes.<\/li><li data-start=\"5681\" data-end=\"5790\">Tout paiement en attente avant la date de r\u00e9siliation sera trait\u00e9 conform\u00e9ment aux modalit\u00e9s de paiement.<\/li><\/ul><\/li><\/ul><h2 data-start=\"5792\" data-end=\"5832\">10. Responsabilit\u00e9 et indemnisation<\/h2><ul data-start=\"5834\" data-end=\"6250\"><li data-start=\"5834\" data-end=\"6109\">Les Participants acceptent d\u2019indemniser et de d\u00e9gager de toute responsabilit\u00e9 WAIZZ, ses affili\u00e9s ainsi que leurs dirigeants, administrateurs, employ\u00e9s et agents, contre toute r\u00e9clamation, dommage, responsabilit\u00e9 et d\u00e9pense d\u00e9coulant de leur participation aux Programmes.<\/li><li data-start=\"6110\" data-end=\"6250\">WAIZZ ne saurait \u00eatre tenu responsable des dommages indirects, accessoires ou cons\u00e9cutifs d\u00e9coulant de ces Conditions ou des Programmes.<\/li><\/ul><h2 data-start=\"6252\" data-end=\"6277\">11. Droit applicable<\/h2><p data-start=\"6279\" data-end=\"6427\">Ces Conditions sont r\u00e9gies et interpr\u00e9t\u00e9es conform\u00e9ment aux lois de l\u2019\u00c9tat Fran\u00e7ais, sans \u00e9gard \u00e0 ses principes en mati\u00e8re de conflits de lois.<\/p><h2 data-start=\"6429\" data-end=\"6465\">12. Modification des Conditions<\/h2><p data-start=\"6467\" data-end=\"6733\">WAIZZ se r\u00e9serve le droit de modifier ces Conditions \u00e0 tout moment. Les Participants seront inform\u00e9s de toute modification importante. La poursuite de la participation aux Programmes apr\u00e8s de telles modifications constitue une acceptation des nouvelles Conditions.<\/p><h2 data-start=\"6735\" data-end=\"6765\">13. Dispositions diverses<\/h2><ul data-start=\"6767\" data-end=\"7172\"><li data-start=\"6767\" data-end=\"6896\"><strong data-start=\"6769\" data-end=\"6799\">Ind\u00e9pendance des parties :<\/strong> Les Participants sont des prestataires ind\u00e9pendants et ne sont ni employ\u00e9s ni agents de WAIZZ.<\/li><li data-start=\"6897\" data-end=\"7046\"><strong data-start=\"6899\" data-end=\"6912\">Cession :<\/strong> Vous ne pouvez pas c\u00e9der ou transf\u00e9rer vos droits ou obligations en vertu de ces Conditions sans l\u2019accord \u00e9crit pr\u00e9alable de WAIZZ.<\/li><li data-start=\"7047\" data-end=\"7172\"><strong data-start=\"7049\" data-end=\"7070\">Accord int\u00e9gral :<\/strong> Ces Conditions constituent l\u2019int\u00e9gralit\u00e9 de l\u2019accord entre vous et WAIZZ concernant les Programmes.<\/li><\/ul><h3 data-start=\"7174\" data-end=\"7198\"><strong data-start=\"7178\" data-end=\"7196\">Nous contacter<\/strong><\/h3><p data-start=\"7200\" data-end=\"7356\">Pour toute question ou pr\u00e9occupation concernant ces Conditions ou les Programmes, veuillez contacter notre \u00e9quipe marketing \u00e0 <strong data-start=\"7326\" data-end=\"7353\">partners (at) waizz.net<\/strong>.<\/p><p data-start=\"7358\" data-end=\"7514\" data-is-last-node=\"\">En participant aux programmes d\u2019Influenceurs et d\u2019Affiliation WAIZZ, vous reconnaissez avoir lu, compris et accept\u00e9 d\u2019\u00eatre li\u00e9 par ces Termes et Conditions.<\/p>\t\t\t\t\t\t<\/div>\n\t\t\t\t<\/div>\n\t\t\t\t<div class=\"elementor-element elementor-element-ab41a74 elementor-widget elementor-widget-lqd-button\" data-id=\"ab41a74\" data-element_type=\"widget\" data-widget_type=\"lqd-button.default\">\n\t\t\t\t<div class=\"elementor-widget-container\">\n\t\t\t\n\t\t<a href=\"https:\/\/waizz.net\/fr\/contactez-nous\/\" role=\"button\" class=\"lqd-btn inline-flex items-center relative lqd-group lqd-group-btn lqd-btn-has-bg lqd-btn-has-hover-bg\" data-lqd-local-scroll-el=\"\"><span class=\"lqd-outline-glow lqd-outline-glow-effect-2 inline-block rounded-inherit absolute pointer-events-none\">\n\t\t\t<span class=\"lqd-outline-glow-inner inline-block min-w-full min-h-full rounded-inherit aspect-square absolute top-1\/2 start-1\/2\"><\/span>\n\t\t<\/span><span class=\"lqd-bg-el rounded-inherit transition-opacity lqd-group-btn-hover:opacity-0 hidden-if-empty\"><span class=\"lqd-bg-layer lqd-color-wrap lqd-bg-color-wrap block w-full h-full rounded-inherit overflow-hidden elementor-repeater-item-8d99c11-ab41a74 absolute top-0 start-0 z-0\"><\/span><\/span><span class=\"lqd-hover-bg-el lqd-el-visible-on-hover rounded-inherit transition-opacity opacity-0 lqd-group-btn-hover:opacity-100 hidden-if-empty\"><span class=\"lqd-bg-layer lqd-color-wrap lqd-bg-color-wrap block w-full h-full rounded-inherit overflow-hidden elementor-repeater-item-7ed36cc-ab41a74 absolute top-0 start-0 z-0\"><\/span><\/span>\n\t\t\t<span class=\"lqd-btn-txt relative z-1\">Je suis d'accord, Je souhaite lancer une campagne<\/span><\/a>\n\n\t\t\t\t<\/div>\n\t\t\t\t<\/div>\n\t\t<style>.elementor-element-ab41a74 {\n   transform: translate3d(0px,30px,0px) scale(1, 1) rotateX(0deg) rotateY(0deg) rotateZ(0deg) skew(0deg, 0deg);\n   opacity: 0;\n}\n<\/style><script>\n\t\twindow.liquid.behaviors.push( {\n\t\t\tdataId: \"ab41a74\",\n\t\t\tbehaviors:[\n\t\t\t\t{behaviorName:'liquidGetElementComputedStyles',options:{includeSelf:true,getRect:true,addGhosts:true}},{behaviorName:'liquidAnimations',options:{domain:'inview',trigger:'ghost',duration:0.65000000000000002220446049250313080847263336181640625,ease:'expo.out',stagger:{each:0.065000000000000002220446049250313080847263336181640625,from:'start'},delay:0.6999999999999999555910790149937383830547332763671875,start:'top+=30px bottom',startElementOffset:0,startViewportOffset:0,animations:[{elements:'self',breakpointsKeyframes:{all:{keyframes:[{scaleX:1,scaleY:1,skewX:0,skewY:0,x:'0px',y:'0px',z:'0px',rotateX:0,rotateY:0,rotateZ:0,opacity:1}]}}}]}},\n\t\t\t]\n\t\t} );\n\t\t\n\t\t<\/script>\t\t\t<\/div>\n\t\t\t\t<\/div>\n\t\t\t\t<\/div>\n\t\t","protected":false},"excerpt":{"rendered":"<p>Termes&nbsp;&#038;&nbsp;ConditionsAffili\u00e9\/Influenceur Chez WAIZZ, nous accordons une importance primordiale \u00e0 la transparence avec nos partenaires concernant les termes et conditions qui r\u00e9gissent nos programmes d&rsquo;affiliation et d&rsquo;influenceurs. Vous trouverez ci-dessous les conditions d\u00e9taill\u00e9es d\u00e9finissant vos droits et obligations lors de votre participation \u00e0 ces programmes. Derni\u00e8re mise \u00e0 jour : 17\/02\/2025 Bienvenue dans les programmes d\u2019influenceurs [&hellip;]<\/p>\n","protected":false},"author":1,"featured_media":0,"parent":0,"menu_order":0,"comment_status":"closed","ping_status":"closed","template":"","meta":{"footnotes":""},"class_list":["post-940","page","type-page","status-publish","hentry"],"_links":{"self":[{"href":"https:\/\/waizz.net\/fr\/wp-json\/wp\/v2\/pages\/940","targetHints":{"allow":["GET"]}}],"collection":[{"href":"https:\/\/waizz.net\/fr\/wp-json\/wp\/v2\/pages"}],"about":[{"href":"https:\/\/waizz.net\/fr\/wp-json\/wp\/v2\/types\/page"}],"author":[{"embeddable":true,"href":"https:\/\/waizz.net\/fr\/wp-json\/wp\/v2\/users\/1"}],"replies":[{"embeddable":true,"href":"https:\/\/waizz.net\/fr\/wp-json\/wp\/v2\/comments?post=940"}],"version-history":[{"count":2,"href":"https:\/\/waizz.net\/fr\/wp-json\/wp\/v2\/pages\/940\/revisions"}],"predecessor-version":[{"id":953,"href":"https:\/\/waizz.net\/fr\/wp-json\/wp\/v2\/pages\/940\/revisions\/953"}],"wp:attachment":[{"href":"https:\/\/waizz.net\/fr\/wp-json\/wp\/v2\/media?parent=940"}],"curies":[{"name":"wp","href":"https:\/\/api.w.org\/{rel}","templated":true}]}}